{"id":18,"date":"2025-01-07T21:31:02","date_gmt":"2025-01-07T21:31:02","guid":{"rendered":"https:\/\/saunaworld.hu\/?page_id=18"},"modified":"2025-01-14T19:27:53","modified_gmt":"2025-01-14T19:27:53","slug":"unsere-rolle","status":"publish","type":"page","link":"https:\/\/saunaworld.hu\/de\/rolunk\/","title":{"rendered":"\u00dcber uns"},"content":{"rendered":"<div data-elementor-type=\"wp-page\" data-elementor-id=\"18\" class=\"elementor elementor-18\" data-elementor-post-type=\"page\">\n\t\t\t\t<div class=\"elementor-element elementor-element-e5e7bbf e-flex e-con-boxed e-con e-parent\" data-id=\"e5e7bbf\" data-element_type=\"container\" data-e-type=\"container\" data-settings=\"{&quot;background_background&quot;:&quot;classic&quot;}\">\n\t\t\t\t\t<div class=\"e-con-inner\">\n\t\t\t\t<div class=\"elementor-element elementor-element-1bf50c3 gradient-title elementor-widget elementor-widget-heading\" data-id=\"1bf50c3\" data-element_type=\"widget\" data-e-type=\"widget\" data-widget_type=\"heading.default\">\n\t\t\t\t<div class=\"elementor-widget-container\">\n\t\t\t\t\t<h2 class=\"elementor-heading-title elementor-size-default\">\u00dcber uns<\/h2>\t\t\t\t<\/div>\n\t\t\t\t<\/div>\n\t\t\t\t\t<\/div>\n\t\t\t\t<\/div>\n\t\t<div class=\"elementor-element elementor-element-5838277 e-flex e-con-boxed e-con e-parent\" data-id=\"5838277\" data-element_type=\"container\" data-e-type=\"container\" data-settings=\"{&quot;background_background&quot;:&quot;classic&quot;}\">\n\t\t\t\t\t<div class=\"e-con-inner\">\n\t\t<div class=\"elementor-element elementor-element-2239b95 e-con-full e-flex e-con e-child\" data-id=\"2239b95\" data-element_type=\"container\" data-e-type=\"container\">\n\t\t\t\t<div class=\"elementor-element elementor-element-91076a8 elementor-widget elementor-widget-text-editor\" data-id=\"91076a8\" data-element_type=\"widget\" data-e-type=\"widget\" data-widget_type=\"text-editor.default\">\n\t\t\t\t<div class=\"elementor-widget-container\">\n\t\t\t\t\t\t\t\t\t<p><span style=\"font-weight: 400;\">DER <\/span><b>Sauna World Ltd.<\/b><span style=\"font-weight: 400;\"> Seit 2011 konzipiert und implementiert er Premium-Wellnessl\u00f6sungen. Unser Ziel ist es, unseren Kunden Luxus und Komfort in ihren eigenen vier W\u00e4nden zug\u00e4nglich zu machen. Jedes unserer Projekte ist einzigartig, auf Ihre Bed\u00fcrfnisse zugeschnitten und unter Verwendung der besten skandinavischen Materialien und modernster Technologien hergestellt.<\/span><\/p><p><span style=\"font-weight: 400;\">Unsere Erfahrungen sammeln wir durch die Zusammenarbeit mit namhaften Partnern wie: <\/span><a href=\"https:\/\/www.klafs.com\/?lgchange=1\"><b>Klafs GmbH<\/b><\/a><span style=\"font-weight: 400;\">, Europas f\u00fchrender Saunahersteller. Diese inspirierenden beruflichen Beziehungen gew\u00e4hrleisten, dass wir in unserer Arbeit Tradition und Innovation vereinen k\u00f6nnen.<\/span><\/p>\t\t\t\t\t\t\t\t<\/div>\n\t\t\t\t<\/div>\n\t\t\t\t<div class=\"elementor-element elementor-element-ed95734 elementor-widget elementor-widget-image\" data-id=\"ed95734\" data-element_type=\"widget\" data-e-type=\"widget\" data-widget_type=\"image.default\">\n\t\t\t\t<div class=\"elementor-widget-container\">\n\t\t\t\t\t\t\t\t\t\t\t\t\t\t\t<img alt=\"\" fetchpriority=\"high\" decoding=\"async\" width=\"900\" height=\"338\" src=\"https:\/\/saunaworld.hu\/wp-content\/uploads\/2025\/01\/csm_KLAFS-Sauna-S11-Ambiente_84578d67ce.jpg-1024x384.webp\" class=\"attachment-large size-large wp-image-352\" srcset=\"https:\/\/saunaworld.hu\/wp-content\/uploads\/2025\/01\/csm_KLAFS-Sauna-S11-Ambiente_84578d67ce.jpg-1024x384.webp 1024w, https:\/\/saunaworld.hu\/wp-content\/uploads\/2025\/01\/csm_KLAFS-Sauna-S11-Ambiente_84578d67ce.jpg-300x113.webp 300w, https:\/\/saunaworld.hu\/wp-content\/uploads\/2025\/01\/csm_KLAFS-Sauna-S11-Ambiente_84578d67ce.jpg-768x288.webp 768w, https:\/\/saunaworld.hu\/wp-content\/uploads\/2025\/01\/csm_KLAFS-Sauna-S11-Ambiente_84578d67ce.jpg-1536x576.webp 1536w, https:\/\/saunaworld.hu\/wp-content\/uploads\/2025\/01\/csm_KLAFS-Sauna-S11-Ambiente_84578d67ce.jpg.webp 1920w\" sizes=\"(max-width: 900px) 100vw, 900px\" \/>\t\t\t\t\t\t\t\t\t\t\t\t\t\t\t<\/div>\n\t\t\t\t<\/div>\n\t\t\t\t<\/div>\n\t\t\t\t\t<\/div>\n\t\t\t\t<\/div>\n\t\t<div class=\"elementor-element elementor-element-5d4b485 e-flex e-con-boxed e-con e-parent\" data-id=\"5d4b485\" data-element_type=\"container\" data-e-type=\"container\" data-settings=\"{&quot;background_background&quot;:&quot;classic&quot;}\">\n\t\t\t\t\t<div class=\"e-con-inner\">\n\t\t<div class=\"elementor-element elementor-element-8afae25 e-con-full e-flex e-con e-child\" data-id=\"8afae25\" data-element_type=\"container\" data-e-type=\"container\">\n\t\t\t\t<div class=\"elementor-element elementor-element-de362e1 elementor-widget elementor-widget-heading\" data-id=\"de362e1\" data-element_type=\"widget\" data-e-type=\"widget\" data-widget_type=\"heading.default\">\n\t\t\t\t<div class=\"elementor-widget-container\">\n\t\t\t\t\t<h2 class=\"elementor-heading-title elementor-size-default\">Unsere Philosophie<\/h2>\t\t\t\t<\/div>\n\t\t\t\t<\/div>\n\t\t\t\t<div class=\"elementor-element elementor-element-a9a54df elementor-widget elementor-widget-heading\" data-id=\"a9a54df\" data-element_type=\"widget\" data-e-type=\"widget\" data-widget_type=\"heading.default\">\n\t\t\t\t<div class=\"elementor-widget-container\">\n\t\t\t\t\t<h2 class=\"elementor-heading-title elementor-size-default\">Luxus, Pr\u00e4zision und Einzigartigkeit in jedem Detail.<\/h2>\t\t\t\t<\/div>\n\t\t\t\t<\/div>\n\t\t\t\t<div class=\"elementor-element elementor-element-e8d8373 elementor-widget elementor-widget-text-editor\" data-id=\"e8d8373\" data-element_type=\"widget\" data-e-type=\"widget\" data-widget_type=\"text-editor.default\">\n\t\t\t\t<div class=\"elementor-widget-container\">\n\t\t\t\t\t\t\t\t\t<span style=\"font-weight: 400;\">Im Mittelpunkt unserer Philosophie steht die Zufriedenheit unserer Kunden. Saunabesuche sind nicht nur Entspannung, sondern eine Lebenseinstellung \u2013 und Wellness zu Hause kann Teil des allt\u00e4glichen Luxus sein.<\/span>\t\t\t\t\t\t\t\t<\/div>\n\t\t\t\t<\/div>\n\t\t<div class=\"elementor-element elementor-element-8a3facc e-con-full e-flex e-con e-child\" data-id=\"8a3facc\" data-element_type=\"container\" data-e-type=\"container\">\n\t\t<div class=\"elementor-element elementor-element-75f0d95 e-con-full e-flex e-con e-child\" data-id=\"75f0d95\" data-element_type=\"container\" data-e-type=\"container\" data-settings=\"{&quot;background_background&quot;:&quot;classic&quot;}\">\n\t\t\t\t<div class=\"elementor-element elementor-element-539bf4f elementor-widget elementor-widget-image\" data-id=\"539bf4f\" data-element_type=\"widget\" data-e-type=\"widget\" data-widget_type=\"image.default\">\n\t\t\t\t<div class=\"elementor-widget-container\">\n\t\t\t\t\t\t\t\t\t\t\t\t\t\t\t<img alt=\"\" decoding=\"async\" width=\"554\" height=\"554\" src=\"https:\/\/saunaworld.hu\/wp-content\/uploads\/2025\/01\/1008511_OIUFJ81-4.png\" class=\"attachment-large size-large wp-image-278\" srcset=\"https:\/\/saunaworld.hu\/wp-content\/uploads\/2025\/01\/1008511_OIUFJ81-4.png 554w, https:\/\/saunaworld.hu\/wp-content\/uploads\/2025\/01\/1008511_OIUFJ81-4-300x300.png 300w, https:\/\/saunaworld.hu\/wp-content\/uploads\/2025\/01\/1008511_OIUFJ81-4-150x150.png 150w\" sizes=\"(max-width: 554px) 100vw, 554px\" \/>\t\t\t\t\t\t\t\t\t\t\t\t\t\t\t<\/div>\n\t\t\t\t<\/div>\n\t\t\t\t<div class=\"elementor-element elementor-element-681e67c elementor-widget elementor-widget-heading\" data-id=\"681e67c\" data-element_type=\"widget\" data-e-type=\"widget\" data-widget_type=\"heading.default\">\n\t\t\t\t<div class=\"elementor-widget-container\">\n\t\t\t\t\t<h2 class=\"elementor-heading-title elementor-size-default\">Einzigartigkeit<\/h2>\t\t\t\t<\/div>\n\t\t\t\t<\/div>\n\t\t\t\t<div class=\"elementor-element elementor-element-7f0ef4b elementor-widget elementor-widget-text-editor\" data-id=\"7f0ef4b\" data-element_type=\"widget\" data-e-type=\"widget\" data-widget_type=\"text-editor.default\">\n\t\t\t\t<div class=\"elementor-widget-container\">\n\t\t\t\t\t\t\t\t\t<span style=\"font-weight: 400;\">Wir gestalten jeden Sauna- und Wellnessbereich nach den Bed\u00fcrfnissen unserer Kunden, sodass er perfekt zu ihrem Zuhause und Lebensstil passt.<\/span>\t\t\t\t\t\t\t\t<\/div>\n\t\t\t\t<\/div>\n\t\t\t\t<\/div>\n\t\t<div class=\"elementor-element elementor-element-c082b1d e-con-full e-flex e-con e-child\" data-id=\"c082b1d\" data-element_type=\"container\" data-e-type=\"container\" data-settings=\"{&quot;background_background&quot;:&quot;classic&quot;}\">\n\t\t\t\t<div class=\"elementor-element elementor-element-8b2f866 elementor-widget elementor-widget-image\" data-id=\"8b2f866\" data-element_type=\"widget\" data-e-type=\"widget\" data-widget_type=\"image.default\">\n\t\t\t\t<div class=\"elementor-widget-container\">\n\t\t\t\t\t\t\t\t\t\t\t\t\t\t\t<img alt=\"\" decoding=\"async\" width=\"554\" height=\"554\" src=\"https:\/\/saunaworld.hu\/wp-content\/uploads\/2025\/01\/1008511_OIUFJ81-5.png\" class=\"attachment-large size-large wp-image-274\" srcset=\"https:\/\/saunaworld.hu\/wp-content\/uploads\/2025\/01\/1008511_OIUFJ81-5.png 554w, https:\/\/saunaworld.hu\/wp-content\/uploads\/2025\/01\/1008511_OIUFJ81-5-300x300.png 300w, https:\/\/saunaworld.hu\/wp-content\/uploads\/2025\/01\/1008511_OIUFJ81-5-150x150.png 150w\" sizes=\"(max-width: 554px) 100vw, 554px\" \/>\t\t\t\t\t\t\t\t\t\t\t\t\t\t\t<\/div>\n\t\t\t\t<\/div>\n\t\t\t\t<div class=\"elementor-element elementor-element-49988a0 elementor-widget elementor-widget-heading\" data-id=\"49988a0\" data-element_type=\"widget\" data-e-type=\"widget\" data-widget_type=\"heading.default\">\n\t\t\t\t<div class=\"elementor-widget-container\">\n\t\t\t\t\t<h2 class=\"elementor-heading-title elementor-size-default\">Qualit\u00e4t<\/h2>\t\t\t\t<\/div>\n\t\t\t\t<\/div>\n\t\t\t\t<div class=\"elementor-element elementor-element-916f2dc elementor-widget elementor-widget-text-editor\" data-id=\"916f2dc\" data-element_type=\"widget\" data-e-type=\"widget\" data-widget_type=\"text-editor.default\">\n\t\t\t\t<div class=\"elementor-widget-container\">\n\t\t\t\t\t\t\t\t\t<span style=\"font-weight: 400;\">Wir verwenden die besten Materialien, sei es finnische Erle, w\u00e4rmebehandelte Pappel oder modernes technologisches Zubeh\u00f6r.<\/span>\t\t\t\t\t\t\t\t<\/div>\n\t\t\t\t<\/div>\n\t\t\t\t<\/div>\n\t\t<div class=\"elementor-element elementor-element-b1a24c1 e-con-full e-flex e-con e-child\" data-id=\"b1a24c1\" data-element_type=\"container\" data-e-type=\"container\" data-settings=\"{&quot;background_background&quot;:&quot;classic&quot;}\">\n\t\t\t\t<div class=\"elementor-element elementor-element-d76b8ea elementor-widget elementor-widget-image\" data-id=\"d76b8ea\" data-element_type=\"widget\" data-e-type=\"widget\" data-widget_type=\"image.default\">\n\t\t\t\t<div class=\"elementor-widget-container\">\n\t\t\t\t\t\t\t\t\t\t\t\t\t\t\t<img alt=\"\" loading=\"lazy\" decoding=\"async\" width=\"554\" height=\"554\" src=\"https:\/\/saunaworld.hu\/wp-content\/uploads\/2025\/01\/1008511_OIUFJ81-6.png\" class=\"attachment-large size-large wp-image-275\" srcset=\"https:\/\/saunaworld.hu\/wp-content\/uploads\/2025\/01\/1008511_OIUFJ81-6.png 554w, https:\/\/saunaworld.hu\/wp-content\/uploads\/2025\/01\/1008511_OIUFJ81-6-300x300.png 300w, https:\/\/saunaworld.hu\/wp-content\/uploads\/2025\/01\/1008511_OIUFJ81-6-150x150.png 150w\" sizes=\"(max-width: 554px) 100vw, 554px\" \/>\t\t\t\t\t\t\t\t\t\t\t\t\t\t\t<\/div>\n\t\t\t\t<\/div>\n\t\t\t\t<div class=\"elementor-element elementor-element-9849b54 elementor-widget elementor-widget-heading\" data-id=\"9849b54\" data-element_type=\"widget\" data-e-type=\"widget\" data-widget_type=\"heading.default\">\n\t\t\t\t<div class=\"elementor-widget-container\">\n\t\t\t\t\t<h2 class=\"elementor-heading-title elementor-size-default\">Innovation<\/h2>\t\t\t\t<\/div>\n\t\t\t\t<\/div>\n\t\t\t\t<div class=\"elementor-element elementor-element-75e2da3 elementor-widget elementor-widget-text-editor\" data-id=\"75e2da3\" data-element_type=\"widget\" data-e-type=\"widget\" data-widget_type=\"text-editor.default\">\n\t\t\t\t<div class=\"elementor-widget-container\">\n\t\t\t\t\t\t\t\t\t<span style=\"font-weight: 400;\">Wir entwickeln unsere Produkte und Dienstleistungen st\u00e4ndig weiter, damit unsere Kunden von modernsten L\u00f6sungen profitieren k\u00f6nnen.<\/span>\t\t\t\t\t\t\t\t<\/div>\n\t\t\t\t<\/div>\n\t\t\t\t<\/div>\n\t\t\t\t<\/div>\n\t\t\t\t<\/div>\n\t\t\t\t\t<\/div>\n\t\t\t\t<\/div>\n\t\t<div class=\"elementor-element elementor-element-51dc43b e-con-full e-flex e-con e-child\" data-id=\"51dc43b\" data-element_type=\"container\" data-e-type=\"container\">\n\t\t<div class=\"elementor-element elementor-element-58b35df e-flex e-con-boxed e-con e-child\" data-id=\"58b35df\" data-element_type=\"container\" data-e-type=\"container\" data-settings=\"{&quot;background_background&quot;:&quot;classic&quot;}\">\n\t\t\t\t\t<div class=\"e-con-inner\">\n\t\t<div class=\"elementor-element elementor-element-5ed90b2 e-con-full e-flex e-con e-child\" data-id=\"5ed90b2\" data-element_type=\"container\" data-e-type=\"container\">\n\t\t\t\t<div class=\"elementor-element elementor-element-3432fda elementor-widget elementor-widget-heading\" data-id=\"3432fda\" data-element_type=\"widget\" data-e-type=\"widget\" data-widget_type=\"heading.default\">\n\t\t\t\t<div class=\"elementor-widget-container\">\n\t\t\t\t\t<h2 class=\"elementor-heading-title elementor-size-default\">Unser Team<\/h2>\t\t\t\t<\/div>\n\t\t\t\t<\/div>\n\t\t\t\t<div class=\"elementor-element elementor-element-ffac837 elementor-widget elementor-widget-heading\" data-id=\"ffac837\" data-element_type=\"widget\" data-e-type=\"widget\" data-widget_type=\"heading.default\">\n\t\t\t\t<div class=\"elementor-widget-container\">\n\t\t\t\t\t<h2 class=\"elementor-heading-title elementor-size-default\">Erfahrung und Leidenschaft \u2013 f\u00fcr das perfekte Endergebnis.<\/h2>\t\t\t\t<\/div>\n\t\t\t\t<\/div>\n\t\t\t\t<div class=\"elementor-element elementor-element-4fa3430 elementor-widget elementor-widget-text-editor\" data-id=\"4fa3430\" data-element_type=\"widget\" data-e-type=\"widget\" data-widget_type=\"text-editor.default\">\n\t\t\t\t<div class=\"elementor-widget-container\">\n\t\t\t\t\t\t\t\t\t<span style=\"font-weight: 400;\">Jedes Mitglied unseres Teams verf\u00fcgt \u00fcber langj\u00e4hrige Berufserfahrung und ist der Kundenzufriedenheit verpflichtet. Bei der Tischlerei, der technischen Umsetzung und der Gestaltung arbeiten wir mit h\u00f6chster Pr\u00e4zision und Diskretion. Wir glauben, dass Perfektion in den kleinen Details liegt.<\/span>\t\t\t\t\t\t\t\t<\/div>\n\t\t\t\t<\/div>\n\t\t\t\t<\/div>\n\t\t<div class=\"elementor-element elementor-element-2d35d12 e-con-full e-flex e-con e-child\" data-id=\"2d35d12\" data-element_type=\"container\" data-e-type=\"container\">\n\t\t\t\t<div class=\"elementor-element elementor-element-7537375 elementor-widget elementor-widget-image\" data-id=\"7537375\" data-element_type=\"widget\" data-e-type=\"widget\" data-widget_type=\"image.default\">\n\t\t\t\t<div class=\"elementor-widget-container\">\n\t\t\t\t\t\t\t\t\t\t\t\t\t\t\t<img alt=\"\" loading=\"lazy\" decoding=\"async\" width=\"900\" height=\"599\" src=\"https:\/\/saunaworld.hu\/wp-content\/uploads\/2025\/01\/1441-1-1024x682.webp\" class=\"attachment-large size-large wp-image-359\" srcset=\"https:\/\/saunaworld.hu\/wp-content\/uploads\/2025\/01\/1441-1-1024x682.webp 1024w, https:\/\/saunaworld.hu\/wp-content\/uploads\/2025\/01\/1441-1-300x200.webp 300w, https:\/\/saunaworld.hu\/wp-content\/uploads\/2025\/01\/1441-1-768x512.webp 768w, https:\/\/saunaworld.hu\/wp-content\/uploads\/2025\/01\/1441-1-1536x1024.webp 1536w, https:\/\/saunaworld.hu\/wp-content\/uploads\/2025\/01\/1441-1.webp 2000w\" sizes=\"(max-width: 900px) 100vw, 900px\" \/>\t\t\t\t\t\t\t\t\t\t\t\t\t\t\t<\/div>\n\t\t\t\t<\/div>\n\t\t\t\t<\/div>\n\t\t\t\t\t<\/div>\n\t\t\t\t<\/div>\n\t\t\t\t<\/div>\n\t\t<div class=\"elementor-element elementor-element-76c3deb e-flex e-con-boxed e-con e-parent\" data-id=\"76c3deb\" data-element_type=\"container\" data-e-type=\"container\" data-settings=\"{&quot;background_background&quot;:&quot;classic&quot;}\">\n\t\t\t\t\t<div class=\"e-con-inner\">\n\t\t<div class=\"elementor-element elementor-element-47189a5 e-con-full e-flex e-con e-child\" data-id=\"47189a5\" data-element_type=\"container\" data-e-type=\"container\">\n\t\t\t\t<div class=\"elementor-element elementor-element-4d7cbc8 elementor-widget elementor-widget-image\" data-id=\"4d7cbc8\" data-element_type=\"widget\" data-e-type=\"widget\" data-widget_type=\"image.default\">\n\t\t\t\t<div class=\"elementor-widget-container\">\n\t\t\t\t\t\t\t\t\t\t\t\t\t\t\t<img alt=\"\" loading=\"lazy\" decoding=\"async\" width=\"900\" height=\"600\" src=\"https:\/\/saunaworld.hu\/wp-content\/uploads\/2025\/01\/image-13-1024x683.webp\" class=\"attachment-large size-large wp-image-373\" srcset=\"https:\/\/saunaworld.hu\/wp-content\/uploads\/2025\/01\/image-13-1024x683.webp 1024w, https:\/\/saunaworld.hu\/wp-content\/uploads\/2025\/01\/image-13-300x200.webp 300w, https:\/\/saunaworld.hu\/wp-content\/uploads\/2025\/01\/image-13-768x512.webp 768w, https:\/\/saunaworld.hu\/wp-content\/uploads\/2025\/01\/image-13-1536x1025.webp 1536w, https:\/\/saunaworld.hu\/wp-content\/uploads\/2025\/01\/image-13.webp 1544w\" sizes=\"(max-width: 900px) 100vw, 900px\" \/>\t\t\t\t\t\t\t\t\t\t\t\t\t\t\t<\/div>\n\t\t\t\t<\/div>\n\t\t\t\t<\/div>\n\t\t<div class=\"elementor-element elementor-element-d339a60 e-con-full e-flex e-con e-child\" data-id=\"d339a60\" data-element_type=\"container\" data-e-type=\"container\">\n\t\t\t\t<div class=\"elementor-element elementor-element-aad323f elementor-widget elementor-widget-heading\" data-id=\"aad323f\" data-element_type=\"widget\" data-e-type=\"widget\" data-widget_type=\"heading.default\">\n\t\t\t\t<div class=\"elementor-widget-container\">\n\t\t\t\t\t<h2 class=\"elementor-heading-title elementor-size-default\">Unsere Werte<\/h2>\t\t\t\t<\/div>\n\t\t\t\t<\/div>\n\t\t\t\t<div class=\"elementor-element elementor-element-b44ead9 elementor-widget elementor-widget-heading\" data-id=\"b44ead9\" data-element_type=\"widget\" data-e-type=\"widget\" data-widget_type=\"heading.default\">\n\t\t\t\t<div class=\"elementor-widget-container\">\n\t\t\t\t\t<h2 class=\"elementor-heading-title elementor-size-default\">Warum entscheiden sich unsere Kunden f\u00fcr uns?<\/h2>\t\t\t\t<\/div>\n\t\t\t\t<\/div>\n\t\t\t\t<div class=\"elementor-element elementor-element-24bda07 elementor-widget elementor-widget-text-editor\" data-id=\"24bda07\" data-element_type=\"widget\" data-e-type=\"widget\" data-widget_type=\"text-editor.default\">\n\t\t\t\t<div class=\"elementor-widget-container\">\n\t\t\t\t\t\t\t\t\t<p><b>Individuelles Design:<\/b><span style=\"font-weight: 400;\"> Jedes Projekt wird auf die Bed\u00fcrfnisse des Kunden zugeschnitten.<br \/><\/span><b>Dezentes Design:<\/b><span style=\"font-weight: 400;\"> Unser Team legt gr\u00f6\u00dften Wert auf den Komfort unserer Kunden.<br \/><\/span><b>Hervorragende Rohstoffe:<\/b><span style=\"font-weight: 400;\"> Wir verwenden ausschlie\u00dflich finnisches und skandinavisches Holz h\u00f6chster Qualit\u00e4t.<br \/><\/span><b>Schnelle und pr\u00e4zise Produktion:<\/b><span style=\"font-weight: 400;\"> Flexible Termine und reibungslose Umsetzung.<br \/><\/span><b>Luxus-Erlebnis:<\/b><span style=\"font-weight: 400;\"> In unserer Arbeit verbinden wir Funktionalit\u00e4t und Eleganz.<\/span><\/p>\t\t\t\t\t\t\t\t<\/div>\n\t\t\t\t<\/div>\n\t\t\t\t<\/div>\n\t\t\t\t\t<\/div>\n\t\t\t\t<\/div>\n\t\t<div class=\"elementor-element elementor-element-8bebc64 e-flex e-con-boxed e-con e-parent\" data-id=\"8bebc64\" data-element_type=\"container\" data-e-type=\"container\" data-settings=\"{&quot;background_background&quot;:&quot;classic&quot;}\">\n\t\t\t\t\t<div class=\"e-con-inner\">\n\t\t<div class=\"elementor-element elementor-element-8a4e0e1 e-con-full e-flex e-con e-child\" data-id=\"8a4e0e1\" data-element_type=\"container\" data-e-type=\"container\">\n\t\t\t\t<div class=\"elementor-element elementor-element-8e4715e elementor-widget elementor-widget-heading\" data-id=\"8e4715e\" data-element_type=\"widget\" data-e-type=\"widget\" data-widget_type=\"heading.default\">\n\t\t\t\t<div class=\"elementor-widget-container\">\n\t\t\t\t\t<h2 class=\"elementor-heading-title elementor-size-default\"> Was unterscheidet uns?<\/h2>\t\t\t\t<\/div>\n\t\t\t\t<\/div>\n\t\t\t\t<div class=\"elementor-element elementor-element-9711247 elementor-widget elementor-widget-text-editor\" data-id=\"9711247\" data-element_type=\"widget\" data-e-type=\"widget\" data-widget_type=\"text-editor.default\">\n\t\t\t\t<div class=\"elementor-widget-container\">\n\t\t\t\t\t\t\t\t\t<p><span style=\"font-weight: 400;\">DER <\/span><b>Sauna World Ltd.<\/b><span style=\"font-weight: 400;\"> Wir schaffen nicht nur Saunen und Wellnessr\u00e4ume \u2013 wir schaffen Gef\u00fchle. Jedes unserer Projekte spiegelt Ihren Komfort, Ihren Stil und Ihre individuellen Bed\u00fcrfnisse wider. Bei uns m\u00fcssen Sie keine Kompromisse eingehen, denn wir glauben, dass Luxus f\u00fcr jeden etwas ist.<\/span><\/p>\t\t\t\t\t\t\t\t<\/div>\n\t\t\t\t<\/div>\n\t\t\t\t<\/div>\n\t\t<div class=\"elementor-element elementor-element-37000f5 e-con-full e-flex e-con e-child\" data-id=\"37000f5\" data-element_type=\"container\" data-e-type=\"container\">\n\t\t\t\t<div class=\"elementor-element elementor-element-132d19a elementor-widget elementor-widget-heading\" data-id=\"132d19a\" data-element_type=\"widget\" data-e-type=\"widget\" data-widget_type=\"heading.default\">\n\t\t\t\t<div class=\"elementor-widget-container\">\n\t\t\t\t\t<h2 class=\"elementor-heading-title elementor-size-default\">Unsere Botschaft an Sie<\/h2>\t\t\t\t<\/div>\n\t\t\t\t<\/div>\n\t\t\t\t<div class=\"elementor-element elementor-element-638c4e8 elementor-widget elementor-widget-text-editor\" data-id=\"638c4e8\" data-element_type=\"widget\" data-e-type=\"widget\" data-widget_type=\"text-editor.default\">\n\t\t\t\t<div class=\"elementor-widget-container\">\n\t\t\t\t\t\t\t\t\tWenn auch Sie alle Vorz\u00fcge von Wellness und Entspannung in Ihren eigenen vier W\u00e4nden genie\u00dfen m\u00f6chten, wenden Sie sich vertrauensvoll an uns. Unser Team unterst\u00fctzt Sie bei der Gestaltung und Realisierung Ihrer Traumsauna oder Ihres Traum-Wellnessbereichs und macht ihn zu einem wahren Symbol von Luxus und Eleganz.\t\t\t\t\t\t\t\t<\/div>\n\t\t\t\t<\/div>\n\t\t\t\t<div class=\"elementor-element elementor-element-548a4d8 elementor-mobile-align-center elementor-widget elementor-widget-button\" data-id=\"548a4d8\" data-element_type=\"widget\" data-e-type=\"widget\" data-widget_type=\"button.default\">\n\t\t\t\t<div class=\"elementor-widget-container\">\n\t\t\t\t\t\t\t\t\t<div class=\"elementor-button-wrapper\">\n\t\t\t\t\t<a class=\"elementor-button elementor-button-link elementor-size-sm\" href=\"https:\/\/saunaworld.hu\/de\/wellness-losungen\/\">\n\t\t\t\t\t\t<span class=\"elementor-button-content-wrapper\">\n\t\t\t\t\t\t\t\t\t<span class=\"elementor-button-text\">Entdecken Sie unser Angebot<\/span>\n\t\t\t\t\t<\/span>\n\t\t\t\t\t<\/a>\n\t\t\t\t<\/div>\n\t\t\t\t\t\t\t\t<\/div>\n\t\t\t\t<\/div>\n\t\t\t\t<\/div>\n\t\t\t\t\t<\/div>\n\t\t\t\t<\/div>\n\t\t\t\t<\/div>","protected":false},"excerpt":{"rendered":"<p>R\u00f3lunk A Sauna World Kft. 2011 \u00f3ta foglalkozik pr\u00e9mium kateg\u00f3ri\u00e1s wellness megold\u00e1sok tervez\u00e9s\u00e9vel \u00e9s kivitelez\u00e9s\u00e9vel. C\u00e9lunk, hogy \u00fcgyfeleink sz\u00e1m\u00e1ra a luxus \u00e9s a k\u00e9nyelem el\u00e9rhet\u0151v\u00e9 v\u00e1ljon az otthonaikban. Minden projekt\u00fcnk egyedi, az \u00d6n ig\u00e9nyeire szabott, a legkiv\u00e1l\u00f3bb skandin\u00e1v alapanyagok \u00e9s modern technol\u00f3gi\u00e1k felhaszn\u00e1l\u00e1s\u00e1val k\u00e9sz\u00fcl. Tapasztalatainkat olyan neves partnerekkel val\u00f3 egy\u00fcttm\u0171k\u00f6d\u00e9s sor\u00e1n szerezt\u00fck, mint p\u00e9ld\u00e1ul a &#8230; <a title=\"\u00dcber uns\" class=\"read-more\" href=\"https:\/\/saunaworld.hu\/de\/rolunk\/\" aria-label=\"Read more about R\u00f3lunk\">Mehr lesen<\/a><\/p>","protected":false},"author":1,"featured_media":0,"parent":0,"menu_order":0,"comment_status":"closed","ping_status":"closed","template":"elementor_header_footer","meta":{"_seopress_robots_primary_cat":"","_seopress_titles_title":"","_seopress_titles_desc":"","_seopress_robots_index":"","footnotes":""},"class_list":["post-18","page","type-page","status-publish"],"_links":{"self":[{"href":"https:\/\/saunaworld.hu\/de\/wp-json\/wp\/v2\/pages\/18","targetHints":{"allow":["GET"]}}],"collection":[{"href":"https:\/\/saunaworld.hu\/de\/wp-json\/wp\/v2\/pages"}],"about":[{"href":"https:\/\/saunaworld.hu\/de\/wp-json\/wp\/v2\/types\/page"}],"author":[{"embeddable":true,"href":"https:\/\/saunaworld.hu\/de\/wp-json\/wp\/v2\/users\/1"}],"replies":[{"embeddable":true,"href":"https:\/\/saunaworld.hu\/de\/wp-json\/wp\/v2\/comments?post=18"}],"version-history":[{"count":46,"href":"https:\/\/saunaworld.hu\/de\/wp-json\/wp\/v2\/pages\/18\/revisions"}],"predecessor-version":[{"id":602,"href":"https:\/\/saunaworld.hu\/de\/wp-json\/wp\/v2\/pages\/18\/revisions\/602"}],"wp:attachment":[{"href":"https:\/\/saunaworld.hu\/de\/wp-json\/wp\/v2\/media?parent=18"}],"curies":[{"name":"wp","href":"https:\/\/api.w.org\/{rel}","templated":true}]}}